{"id":2,"date":"2010-09-18T11:48:45","date_gmt":"2010-09-18T09:48:45","guid":{"rendered":"http:\/\/blog.hoxberg.de\/?page_id=2"},"modified":"2010-11-19T18:26:34","modified_gmt":"2010-11-19T17:26:34","slug":"eine-seite","status":"publish","type":"page","link":"http:\/\/blog.hoxberg.de\/?page_id=2","title":{"rendered":"Impressum"},"content":{"rendered":"<p><strong>Allgemeines<\/strong><\/p>\n<p>Bei allen Inhalten handelt es sich, soweit nicht anders vermerkt, um reine Meinungs\u00e4u\u00dferungen.<\/p>\n<p>F\u00fcr externe Links und Inhalte kann keine Gew\u00e4hr \u00fcbernommen werden. F\u00fcr die gesamte Webseite gilt der im Link beschriebene <a href=\"http:\/\/www.disclaimer.de\/disclaimer.htm\" target=\"_blank\">Haftungsausschluss<\/a>.<\/p>\n<p>Alle eigenen Inhalte stehen unter der <a href=\"http:\/\/creativecommons.org\/licenses\/by-nc-sa\/3.0\/de\/\" target=\"_blank\">Creative-Commons-Lizenz by-nc-sa<\/a>. Die Rechte aller anderen Inhalte verbleiben unver\u00e4ndert beim Urheber.<\/p>\n<p>Kommerzielle Nutzung, auch auszugsweise, nur mit ausdr\u00fccklicher schriftlicher Genehmigung erlaubt.<\/p>\n<p><strong>Impressum<\/strong><\/p>\n<p><img loading=\"lazy\" decoding=\"async\" src=\"http:\/\/blog.hoxberg.de\/wp-content\/uploads\/2010\/09\/impressum.png\" alt=\"\" title=\"Impressum\" width=\"308\" height=\"166\" class=\"aligncenter size-full wp-image-192\" srcset=\"http:\/\/blog.hoxberg.de\/wp-content\/uploads\/2010\/09\/impressum.png 308w, http:\/\/blog.hoxberg.de\/wp-content\/uploads\/2010\/09\/impressum-300x161.png 300w\" sizes=\"auto, (max-width: 308px) 100vw, 308px\" \/><\/p>\n","protected":false},"excerpt":{"rendered":"<p>Allgemeines Bei allen Inhalten handelt es sich, soweit nicht anders vermerkt, um reine Meinungs\u00e4u\u00dferungen. F\u00fcr externe Links und Inhalte kann keine Gew\u00e4hr \u00fcbernommen werden. F\u00fcr<\/p>\n","protected":false},"author":1,"featured_media":0,"parent":0,"menu_order":0,"comment_status":"closed","ping_status":"closed","template":"","meta":{"footnotes":""},"class_list":["post-2","page","type-page","status-publish","hentry"],"_links":{"self":[{"href":"http:\/\/blog.hoxberg.de\/index.php?rest_route=\/wp\/v2\/pages\/2","targetHints":{"allow":["GET"]}}],"collection":[{"href":"http:\/\/blog.hoxberg.de\/index.php?rest_route=\/wp\/v2\/pages"}],"about":[{"href":"http:\/\/blog.hoxberg.de\/index.php?rest_route=\/wp\/v2\/types\/page"}],"author":[{"embeddable":true,"href":"http:\/\/blog.hoxberg.de\/index.php?rest_route=\/wp\/v2\/users\/1"}],"replies":[{"embeddable":true,"href":"http:\/\/blog.hoxberg.de\/index.php?rest_route=%2Fwp%2Fv2%2Fcomments&post=2"}],"version-history":[{"count":8,"href":"http:\/\/blog.hoxberg.de\/index.php?rest_route=\/wp\/v2\/pages\/2\/revisions"}],"predecessor-version":[{"id":5,"href":"http:\/\/blog.hoxberg.de\/index.php?rest_route=\/wp\/v2\/pages\/2\/revisions\/5"}],"wp:attachment":[{"href":"http:\/\/blog.hoxberg.de\/index.php?rest_route=%2Fwp%2Fv2%2Fmedia&parent=2"}],"curies":[{"name":"wp","href":"https:\/\/api.w.org\/{rel}","templated":true}]}}